{"id":23849,"date":"2018-11-05T10:38:25","date_gmt":"2018-11-05T10:38:25","guid":{"rendered":"http:\/\/democontent.codex-themes.com\/sites\/sparta-interior\/?page_id=23849"},"modified":"2025-04-14T09:50:08","modified_gmt":"2025-04-14T08:50:08","slug":"kontaktai","status":"publish","type":"page","link":"https:\/\/hins.world\/index.php\/kontaktai\/","title":{"rendered":"Kontaktai"},"content":{"rendered":"<div class=\"wpb-content-wrapper\"><p>[vc_row][vc_column width=&#8221;1\/3&#8243;]<div class=\"gem-textbox \"  ><div class=\"gem-textbox-inner\" style=\"border: 1px solid #ededed;\"><div class=\"gem-textbox-content\" style=\"color: #ededed;background-position: center top;padding-top: 82px;\"><div class=\"centered-box\"><div class=\"gem-icon gem-icon-pack-elegant gem-icon-size-medium  gem-icon-shape-square gem-simple-icon\"  style=\"opacity: 1;\"><div class=\"gem-icon-inner\" style=\"\"><span class=\"gem-icon-half-1\" style=\"color: #e5bf93;\"><span class=\"back-angle\">&#xe01d;<\/span><\/span><span class=\"gem-icon-half-2\" style=\"color: #e5bf93;\"><span class=\"back-angle\">&#xe01d;<\/span><\/span><\/div><\/div><\/div><div class=\"clearboth\"><\/div><style>#thegem-divider-69fb3774b7161 {margin-top: 75px !important;}<\/style><div id=\"thegem-divider-69fb3774b7161\" class=\"gem-divider  \" style=\"\" ><\/div>[vc_column_text css=&#8221;&#8221;]<\/p>\n<h4 style=\"text-align: center;\"><span class=\"light\">M\u016bs\u0173 adresas<\/span><\/h4>\n<p>[\/vc_column_text]<div class=\"clearboth\"><\/div><style>#thegem-divider-69fb3774b7189 {margin-top: 10px !important;}<\/style><div id=\"thegem-divider-69fb3774b7189\" class=\"gem-divider  \" style=\"\" ><\/div>[vc_column_text css=&#8221;&#8221;]<\/p>\n<p style=\"text-align: center;\">MB &#8220;HINS&#8221;<\/p>\n<p style=\"text-align: center;\">Sausvingio g. 25, Ilg\u0173 k., LT-64120 Alytaus r.<\/p>\n<p>[\/vc_column_text]<div class=\"clearboth\"><\/div><style>#thegem-divider-69fb3774b7199 {margin-top: 23px !important;}<\/style><div id=\"thegem-divider-69fb3774b7199\" class=\"gem-divider  \" style=\"\" ><\/div><\/div><\/div><\/div>[\/vc_column][vc_column width=&#8221;1\/3&#8243;]<div class=\"gem-textbox \"  ><div class=\"gem-textbox-inner\" style=\"border: 1px solid #ededed;\"><div class=\"gem-textbox-content\" style=\"color: #ededed;background-position: center top;padding-top: 82px;\"><div class=\"centered-box\"><div class=\"gem-icon gem-icon-pack-elegant gem-icon-size-medium  gem-icon-shape-square gem-simple-icon\"  style=\"opacity: 1;\"><div class=\"gem-icon-inner\" style=\"\"><span class=\"gem-icon-half-1\" style=\"color: #e5bf93;\"><span class=\"back-angle\">&#xe027;<\/span><\/span><span class=\"gem-icon-half-2\" style=\"color: #e5bf93;\"><span class=\"back-angle\">&#xe027;<\/span><\/span><\/div><\/div><\/div><div class=\"clearboth\"><\/div><style>#thegem-divider-69fb3774b720d {margin-top: 75px !important;}<\/style><div id=\"thegem-divider-69fb3774b720d\" class=\"gem-divider  \" style=\"\" ><\/div>[vc_column_text css=&#8221;&#8221;]<\/p>\n<h4 style=\"text-align: center;\"><span class=\"light\">Skambinkite mums<\/span><\/h4>\n<p>[\/vc_column_text]<div class=\"clearboth\"><\/div><style>#thegem-divider-69fb3774b721b {margin-top: 10px !important;}<\/style><div id=\"thegem-divider-69fb3774b721b\" class=\"gem-divider  \" style=\"\" ><\/div>[vc_column_text css=&#8221;&#8221;]<\/p>\n<p style=\"text-align: center;\"><span style=\"color: #8d8d8d;\">Mob.: +370 67155635<\/span><\/p>\n<p>[\/vc_column_text]<div class=\"clearboth\"><\/div><style>#thegem-divider-69fb3774b7226 {margin-top: 23px !important;}<\/style><div id=\"thegem-divider-69fb3774b7226\" class=\"gem-divider  \" style=\"\" ><\/div><\/div><\/div><\/div>[\/vc_column][vc_column width=&#8221;1\/3&#8243;]<div class=\"gem-textbox \"  ><div class=\"gem-textbox-inner\" style=\"border: 1px solid #ededed;\"><div class=\"gem-textbox-content\" style=\"color: #ededed;background-position: center top;padding-top: 82px;\"><div class=\"centered-box\"><div class=\"gem-icon gem-icon-pack-elegant gem-icon-size-medium  gem-icon-shape-square gem-simple-icon\"  style=\"opacity: 1;\"><div class=\"gem-icon-inner\" style=\"\"><span class=\"gem-icon-half-1\" style=\"color: #e5bf93;\"><span class=\"back-angle\">&#x7d;<\/span><\/span><span class=\"gem-icon-half-2\" style=\"color: #e5bf93;\"><span class=\"back-angle\">&#x7d;<\/span><\/span><\/div><\/div><\/div><div class=\"clearboth\"><\/div><style>#thegem-divider-69fb3774b7286 {margin-top: 75px !important;}<\/style><div id=\"thegem-divider-69fb3774b7286\" class=\"gem-divider  \" style=\"\" ><\/div>[vc_column_text css=&#8221;&#8221;]<\/p>\n<h4 style=\"text-align: center;\"><span class=\"light\">Darbo valandos<br \/>\n<\/span><\/h4>\n<p>[\/vc_column_text]<div class=\"clearboth\"><\/div><style>#thegem-divider-69fb3774b7295 {margin-top: 10px !important;}<\/style><div id=\"thegem-divider-69fb3774b7295\" class=\"gem-divider  \" style=\"\" ><\/div>[vc_column_text css=&#8221;&#8221;]<\/p>\n<p style=\"text-align: center;\"><span style=\"color: #8d8d8d;\">El. parduotuv\u0117: <\/span><span style=\"color: #8d8d8d;\">24\/7<\/span><\/p>\n<p style=\"text-align: center;\"><span style=\"color: #8d8d8d;\">Showroom: <\/span><span style=\"color: #8d8d8d;\">I-V 10:00 \u2013 18:00<\/span><\/p>\n<p>[\/vc_column_text]<div class=\"clearboth\"><\/div><style>#thegem-divider-69fb3774b729f {margin-top: 23px !important;}<\/style><div id=\"thegem-divider-69fb3774b729f\" class=\"gem-divider  \" style=\"\" ><\/div><\/div><\/div><\/div>[\/vc_column][\/vc_row][vc_row][vc_column]<div class=\"clearboth\"><\/div><style>#thegem-divider-69fb3774b72bb {margin-top: 80px !important;}<\/style><div id=\"thegem-divider-69fb3774b72bb\" class=\"gem-divider  \" style=\"\" ><\/div>[\/vc_column][\/vc_row][vc_row][vc_column]<div class=\"gem-map-with-text\"><div class=\"gem-map-with-text-content\" style=\"\"><\/div><div class=\"gem-map-with-text-map grayscale\">[vc_gmaps link=\"#E-8_JTNDaWZyYW1lJTIwc3JjJTNEJTIyaHR0cHMlM0ElMkYlMkZ3d3cuZ29vZ2xlLmNvbSUyRm1hcHMlMkZlbWJlZCUzRnBiJTNEJTIxMW0xOCUyMTFtMTIlMjExbTMlMjExZDIzMjguOTI3NDI4NDgwODM3NSUyMTJkMjQuMTk2Nzc3Njk2MDU3NDQ1JTIxM2Q1NC4yODc1NDk2MDE4Njk5MSUyMTJtMyUyMTFmMCUyMTJmMCUyMTNmMCUyMTNtMiUyMTFpMTAyNCUyMTJpNzY4JTIxNGYxMy4xJTIxM20zJTIxMW0yJTIxMXMweDQ2ZTBhZjVlOWI4OTk1NGYlMjUzQTB4ZmU2YjNiNGRhNzA3OWIyOCUyMTJzU2F1c3ZpbmdpbyUyNTIwZy4lMjUyMDI1JTI1MkMlMjUyMElsZyUyNUM1JTI1QjMlMjUyMGsuJTI1MkMlMjUyMDY0MTIwJTI1MjBBbHl0YXVzJTI1MjByLiUyNTIwc2F2LiUyMTVlMCUyMTNtMiUyMTFzbHQlMjEyc2x0JTIxNHYxNzQ0NjIwMTQ0MTgwJTIxNW0yJTIxMXNsdCUyMTJzbHQlMjIlMjB3aWR0aCUzRCUyMjYwMCUyMiUyMGhlaWdodCUzRCUyMjQ1MCUyMiUyMHN0eWxlJTNEJTIyYm9yZGVyJTNBMCUzQiUyMiUyMGFsbG93ZnVsbHNjcmVlbiUzRCUyMiUyMiUyMGxvYWRpbmclM0QlMjJsYXp5JTIyJTIwcmVmZXJyZXJwb2xpY3klM0QlMjJuby1yZWZlcnJlci13aGVuLWRvd25ncmFkZSUyMiUzRSUzQyUyRmlmcmFtZSUzRQ==\" size=\"608\" disable_scroll=\"\"]<\/div><\/div>[\/vc_column][\/vc_row][vc_row][vc_column]<div class=\"clearboth\"><\/div><style>#thegem-divider-69fb3774b7303 {margin-top: 114px !important;}<\/style><div id=\"thegem-divider-69fb3774b7303\" class=\"gem-divider  \" style=\"\" ><\/div>[\/vc_column][\/vc_row][vc_row][vc_column]<div id=\"fullwidth-block-69fb3774cf07b\" class=\"fullwidth-block fullwidth-block-parallax-vertical clearfix\" data-mobile-parallax-enable=\"1\" style=\"padding-top: 148px;padding-bottom: 128px;\"><script type=\"text\/javascript\">if (typeof(gem_fix_fullwidth_position) == \"function\") { gem_fix_fullwidth_position(document.getElementById(\"fullwidth-block-69fb3774cf07b\")); }<\/script><div class=\"fullwidth-block-background\" style=\"background-image: url(https:\/\/hins.world\/wp-content\/uploads\/2018\/11\/2-2.jpg);background-repeat: no-repeat; background-size: cover;background-position: center top;\"><\/div><div class=\"fullwidth-block-inner\"><div class=\"container\">[vc_custom_heading text=&#8221;Susitikime J\u016bs\u0173 mieste&#8221; font_container=&#8221;tag:h3|font_size:24|text_align:center|color:%23e5bf93|line_height:1&#8243; google_fonts=&#8221;font_family:Montserrat%20UltraLight%3Aregular|font_style:400%20regular%3A400%3Anormal&#8221; css=&#8221;&#8221; css_animation=&#8221;fadeIn&#8221;]<div class=\"clearboth\"><\/div><style>#thegem-divider-69fb3774cf125 {margin-top: -7px !important;}<\/style><div id=\"thegem-divider-69fb3774cf125\" class=\"gem-divider  \" style=\"\" ><\/div>[vc_column_text css=&#8221;&#8221; css_animation=&#8221;fadeIn&#8221;]<\/p>\n<div class=\"title-h2\" style=\"text-align: center;\"><span class=\"light\" style=\"color: #ffffff; letter-spacing: 8.64px;\">Biur\u0173 lokacijos<\/span><\/div>\n<p>[\/vc_column_text]<div class=\"clearboth\"><\/div><style>#thegem-divider-69fb3774cf150 {margin-top: 25px !important;}<\/style><div id=\"thegem-divider-69fb3774cf150\" class=\"gem-divider  \" style=\"\" ><\/div>[vc_separator color=&#8221;custom&#8221; border_width=&#8221;2&#8243; el_width=&#8221;10&#8243; css_animation=&#8221;fadeIn&#8221; accent_color=&#8221;#e5bf93&#8243;]<div class=\"clearboth\"><\/div><style>#thegem-divider-69fb3774cf166 {margin-top: 114px !important;}<\/style><div id=\"thegem-divider-69fb3774cf166\" class=\"gem-divider  \" style=\"\" ><\/div>[vc_row_inner][vc_column_inner width=&#8221;1\/3&#8243;]<div class=\"lazy-loading\" data-ll-item-delay=\"0\"><div class=\"gem-textbox  lazy-loading-item\"  data-ll-effect=\"move-up\" ><div class=\"gem-textbox-inner\" style=\"border: 3px solid #676767;\"><div class=\"gem-textbox-content\" style=\"background-position: center top;padding-top: 80px;\"><div class=\"centered-box\"><div class=\"gem-icon gem-icon-pack-elegant gem-icon-size-medium  gem-icon-shape-square gem-simple-icon\"  style=\"opacity: 1;\"><div class=\"gem-icon-inner\" style=\"\"><span class=\"gem-icon-half-1\" style=\"color: #e5bf93;\"><span class=\"back-angle\">&#xe01d;<\/span><\/span><span class=\"gem-icon-half-2\" style=\"color: #e5bf93;\"><span class=\"back-angle\">&#xe01d;<\/span><\/span><\/div><\/div><\/div><div class=\"clearboth\"><\/div><style>#thegem-divider-69fb3774cf1ea {margin-top: 41px !important;}<\/style><div id=\"thegem-divider-69fb3774cf1ea\" class=\"gem-divider  \" style=\"\" ><\/div>[vc_column_text]<\/p>\n<h4 style=\"text-align: center;\"><span class=\"light\" style=\"color: #ffffff;\">DUBAI<br \/>\n<\/span><\/h4>\n<p>[\/vc_column_text]<div class=\"clearboth\"><\/div><style>#thegem-divider-69fb3774cf1fb {margin-top: 10px !important;}<\/style><div id=\"thegem-divider-69fb3774cf1fb\" class=\"gem-divider  \" style=\"\" ><\/div>[vc_column_text]<\/p>\n<p style=\"text-align: center;\"><span style=\"color: #ffffff;\">COMING SOON<\/span><\/p>\n<p>[\/vc_column_text]<div class=\"clearboth\"><\/div><style>#thegem-divider-69fb3774cf208 {margin-top: 23px !important;}<\/style><div id=\"thegem-divider-69fb3774cf208\" class=\"gem-divider  \" style=\"\" ><\/div><\/div><\/div><\/div><\/div>[\/vc_column_inner][vc_column_inner width=&#8221;1\/3&#8243;]<div class=\"lazy-loading\" data-ll-item-delay=\"0\"><div class=\"gem-textbox  lazy-loading-item\"  data-ll-effect=\"move-up\" ><div class=\"gem-textbox-inner\" style=\"border: 3px solid #676767;\"><div class=\"gem-textbox-content\" style=\"background-position: center top;padding-top: 80px;\"><div class=\"centered-box\"><div class=\"gem-icon gem-icon-pack-elegant gem-icon-size-medium  gem-icon-shape-square gem-simple-icon\"  style=\"opacity: 1;\"><div class=\"gem-icon-inner\" style=\"\"><span class=\"gem-icon-half-1\" style=\"color: #e5bf93;\"><span class=\"back-angle\">&#xe01d;<\/span><\/span><span class=\"gem-icon-half-2\" style=\"color: #e5bf93;\"><span class=\"back-angle\">&#xe01d;<\/span><\/span><\/div><\/div><\/div><div class=\"clearboth\"><\/div><style>#thegem-divider-69fb3774cf27a {margin-top: 41px !important;}<\/style><div id=\"thegem-divider-69fb3774cf27a\" class=\"gem-divider  \" style=\"\" ><\/div>[vc_column_text]<\/p>\n<h4 style=\"text-align: center;\"><span class=\"light\" style=\"color: #ffffff;\">VILNIUS<\/span><\/h4>\n<p>[\/vc_column_text]<div class=\"clearboth\"><\/div><style>#thegem-divider-69fb3774cf289 {margin-top: 10px !important;}<\/style><div id=\"thegem-divider-69fb3774cf289\" class=\"gem-divider  \" style=\"\" ><\/div>[vc_column_text]<\/p>\n<p style=\"text-align: center;\"><span style=\"color: #ffffff;\">Gaono street 10, Vilnius<\/span><br \/>\n<span style=\"color: #ffffff;\">LT- 01131, Lithuania<\/span>[\/vc_column_text]<div class=\"clearboth\"><\/div><style>#thegem-divider-69fb3774cf295 {margin-top: 23px !important;}<\/style><div id=\"thegem-divider-69fb3774cf295\" class=\"gem-divider  \" style=\"\" ><\/div><\/div><\/div><\/div><\/div>[\/vc_column_inner][vc_column_inner width=&#8221;1\/3&#8243;]<div class=\"lazy-loading\" data-ll-item-delay=\"0\"><div class=\"gem-textbox  lazy-loading-item\"  data-ll-effect=\"move-up\" ><div class=\"gem-textbox-inner\" style=\"border: 3px solid #676767;\"><div class=\"gem-textbox-content\" style=\"background-position: center top;padding-top: 80px;\"><div class=\"centered-box\"><div class=\"gem-icon gem-icon-pack-elegant gem-icon-size-medium  gem-icon-shape-square gem-simple-icon\"  style=\"opacity: 1;\"><div class=\"gem-icon-inner\" style=\"\"><span class=\"gem-icon-half-1\" style=\"color: #e5bf93;\"><span class=\"back-angle\">&#xe01d;<\/span><\/span><span class=\"gem-icon-half-2\" style=\"color: #e5bf93;\"><span class=\"back-angle\">&#xe01d;<\/span><\/span><\/div><\/div><\/div><div class=\"clearboth\"><\/div><style>#thegem-divider-69fb3774cf2f8 {margin-top: 41px !important;}<\/style><div id=\"thegem-divider-69fb3774cf2f8\" class=\"gem-divider  \" style=\"\" ><\/div>[vc_column_text]<\/p>\n<h4 style=\"text-align: center;\"><span class=\"light\" style=\"color: #ffffff;\">C\u00d4TE D&#8217;AZUR<\/span><\/h4>\n<p>[\/vc_column_text]<div class=\"clearboth\"><\/div><style>#thegem-divider-69fb3774cf305 {margin-top: 10px !important;}<\/style><div id=\"thegem-divider-69fb3774cf305\" class=\"gem-divider  \" style=\"\" ><\/div>[vc_column_text]<\/p>\n<p style=\"text-align: center;\"><span style=\"color: #ffffff;\">COMING SOON<\/span><\/p>\n<p>[\/vc_column_text]<div class=\"clearboth\"><\/div><style>#thegem-divider-69fb3774cf310 {margin-top: 23px !important;}<\/style><div id=\"thegem-divider-69fb3774cf310\" class=\"gem-divider  \" style=\"\" ><\/div><\/div><\/div><\/div><\/div>[\/vc_column_inner][\/vc_row_inner]<\/div><\/div><\/div>[\/vc_column][\/vc_row][vc_row][vc_column]<div class=\"clearboth\"><\/div><style>#thegem-divider-69fb3774cf344 {margin-top: 112px !important;}<\/style><div id=\"thegem-divider-69fb3774cf344\" class=\"gem-divider  \" style=\"\" ><\/div>[\/vc_column][\/vc_row][vc_row][vc_column][vc_custom_heading text=&#8221;M\u016bs\u0173 ekspertai&#8221; font_container=&#8221;tag:h3|font_size:24|text_align:center|color:%23e5bf93|line_height:1&#8243; google_fonts=&#8221;font_family:Montserrat%20UltraLight%3Aregular|font_style:400%20regular%3A400%3Anormal&#8221; css=&#8221;&#8221; css_animation=&#8221;fadeIn&#8221;]<div class=\"clearboth\"><\/div><style>#thegem-divider-69fb3774cf351 {margin-top: -7px !important;}<\/style><div id=\"thegem-divider-69fb3774cf351\" class=\"gem-divider  \" style=\"\" ><\/div>[vc_column_text css=&#8221;&#8221; css_animation=&#8221;fadeIn&#8221;]<\/p>\n<div class=\"title-h2\" style=\"text-align: center; letter-spacing: 8.64px;\">Laukia j\u016bs\u0173 \u017einut\u0117s!<\/div>\n<p>[\/vc_column_text]<div class=\"clearboth\"><\/div><style>#thegem-divider-69fb3774cf35b {margin-top: 20px !important;}<\/style><div id=\"thegem-divider-69fb3774cf35b\" class=\"gem-divider  \" style=\"\" ><\/div>[vc_separator color=&#8221;custom&#8221; border_width=&#8221;2&#8243; el_width=&#8221;10&#8243; css_animation=&#8221;fadeIn&#8221; accent_color=&#8221;#e5bf93&#8243;]<div class=\"clearboth\"><\/div><style>#thegem-divider-69fb3774cf365 {margin-top: 72px !important;}<\/style><div id=\"thegem-divider-69fb3774cf365\" class=\"gem-divider  \" style=\"\" ><\/div>[\/vc_column][\/vc_row][vc_row][vc_column css_animation=&#8221;fadeIn&#8221;]\n<div class=\"wpcf7 no-js\" id=\"wpcf7-f24593-o1\" lang=\"en-US\" dir=\"ltr\" data-wpcf7-id=\"24593\">\n<div class=\"screen-reader-response\"><p role=\"status\" aria-live=\"polite\" aria-atomic=\"true\"><\/p> <ul><\/ul><\/div>\n<form action=\"\/index.php\/wp-json\/wp\/v2\/pages\/23849#wpcf7-f24593-o1\" method=\"post\" class=\"wpcf7-form init gem-contact-form-white\" aria-label=\"Contact form\" novalidate=\"novalidate\" data-status=\"init\">\n<div style=\"display: none;\">\n<input type=\"hidden\" name=\"_wpcf7\" value=\"24593\" \/>\n<input type=\"hidden\" name=\"_wpcf7_version\" value=\"6.0.6\" \/>\n<input type=\"hidden\" name=\"_wpcf7_locale\" value=\"en_US\" \/>\n<input type=\"hidden\" name=\"_wpcf7_unit_tag\" value=\"wpcf7-f24593-o1\" \/>\n<input type=\"hidden\" name=\"_wpcf7_container_post\" value=\"0\" \/>\n<input type=\"hidden\" name=\"_wpcf7_posted_data_hash\" value=\"\" \/>\n<\/div>\n<div class=\"form-line col-lg-4 col-md-4 col-xs-12\"><p><span class=\"wpcf7-form-control-wrap\" data-name=\"your-name\"><input size=\"40\" maxlength=\"400\" class=\"wpcf7-form-control wpcf7-text wpcf7-validates-as-required\" aria-required=\"true\" aria-invalid=\"false\" placeholder=\"Vardas*\" value=\"\" type=\"text\" name=\"your-name\" \/><\/span><\/p><\/div>\n\n  <div class=\"form-line col-lg-4 col-md-4 col-xs-12\"><p><span class=\"wpcf7-form-control-wrap\" data-name=\"your-email\"><input size=\"40\" maxlength=\"400\" class=\"wpcf7-form-control wpcf7-email wpcf7-validates-as-required wpcf7-text wpcf7-validates-as-email\" aria-required=\"true\" aria-invalid=\"false\" placeholder=\"El. pa\u0161tas*\" value=\"\" type=\"email\" name=\"your-email\" \/><\/span><\/p><\/div>\n\n  <div class=\"form-line col-lg-4 col-md-4 col-xs-12\"><p><span class=\"wpcf7-form-control-wrap\" data-name=\"your-website\"><input size=\"40\" maxlength=\"400\" class=\"wpcf7-form-control wpcf7-text\" aria-invalid=\"false\" placeholder=\"Puslapis*\" value=\"\" type=\"text\" name=\"your-website\" \/><\/span><\/p><\/div>\n\n  <div class=\"form-line col-lg-12 col-md-12 col-xs-12\"><p><span class=\"wpcf7-form-control-wrap\" data-name=\"your-message\"><textarea cols=\"40\" rows=\"10\" maxlength=\"2000\" class=\"wpcf7-form-control wpcf7-textarea wpcf7-validates-as-required\" aria-required=\"true\" aria-invalid=\"false\" placeholder=\"\u017dinut\u0117\" name=\"your-message\"><\/textarea><\/span><\/p><\/div>\n\n  <div><style type=\"text\/css\">.thegem-button-69fb3774e51ce3997 .gem-button svg {fill: #FFFFFFFF;}.thegem-button-69fb3774e51ce3997 .gem-button:hover svg {fill: #FFFFFFFF;}<\/style><div class=\"gem-button-container gem-button-position-fullwidth thegem-button-69fb3774e51ce3997\"  ><input class=\"gem-button gem-button-size-medium gem-button-style-flat gem-button-text-weight-normal wpcf7-form-control wpcf7-submit has-spinner gem-button-wpcf-custom\" data-ll-effect=\"drop-right-without-wrap\" style=\"border-radius: 0px;background-color: #B6C6C9FF;color: #FFFFFFFF;\" onmouseleave=\"this.style.backgroundColor='#B6C6C9FF';this.style.color='#FFFFFFFF';\" onmouseenter=\"this.style.backgroundColor='#3C3950FF';this.style.color='#FFFFFFFF';\" id=\"\" tabindex=\"\" type=\"submit\" value=\"Si\u0173sti \u017einut\u0119\" \/><\/div> <\/div><div class=\"wpcf7-response-output\" aria-hidden=\"true\"><\/div>\n<\/form>\n<\/div>\n[\/vc_column][\/vc_row]<\/p>\n<\/div>","protected":false},"excerpt":{"rendered":"<p>[vc_row][vc_column width=&#8221;1\/3&#8243;][\/vc_column][vc_column width=&#8221;1\/3&#8243;][\/vc_column][vc_column width=&#8221;1\/3&#8243;][\/vc_column][\/vc_row][vc_row][vc_column][\/vc_column][\/vc_row][vc_row][vc_column][\/vc_column][\/vc_row][vc_row][vc_column][\/vc_column][\/vc_row][vc_row][vc_column][\/vc_column][\/vc_row][vc_row][vc_column][\/vc_column][\/vc_row][vc_row][vc_column][vc_custom_heading text=&#8221;M\u016bs\u0173 ekspertai&#8221; font_container=&#8221;tag:h3|font_size:24|text_align:center|color:%23e5bf93|line_height:1&#8243; google_fonts=&#8221;font_family:Montserrat%20UltraLight%3Aregular|font_style:400%20regular%3A400%3Anormal&#8221; css=&#8221;&#8221; css_animation=&#8221;fadeIn&#8221;][vc_column_text css=&#8221;&#8221; css_animation=&#8221;fadeIn&#8221;] Laukia j\u016bs\u0173 \u017einut\u0117s! [\/vc_column_text][vc_separator color=&#8221;custom&#8221; border_width=&#8221;2&#8243; el_width=&#8221;10&#8243; css_animation=&#8221;fadeIn&#8221;&#8230;<\/p>\n","protected":false},"author":1,"featured_media":0,"parent":0,"menu_order":0,"comment_status":"closed","ping_status":"closed","template":"","meta":{"footnotes":""},"class_list":["post-23849","page","type-page","status-publish"],"_links":{"self":[{"href":"https:\/\/hins.world\/index.php\/wp-json\/wp\/v2\/pages\/23849"}],"collection":[{"href":"https:\/\/hins.world\/index.php\/wp-json\/wp\/v2\/pages"}],"about":[{"href":"https:\/\/hins.world\/index.php\/wp-json\/wp\/v2\/types\/page"}],"author":[{"embeddable":true,"href":"https:\/\/hins.world\/index.php\/wp-json\/wp\/v2\/users\/1"}],"replies":[{"embeddable":true,"href":"https:\/\/hins.world\/index.php\/wp-json\/wp\/v2\/comments?post=23849"}],"version-history":[{"count":19,"href":"https:\/\/hins.world\/index.php\/wp-json\/wp\/v2\/pages\/23849\/revisions"}],"predecessor-version":[{"id":24937,"href":"https:\/\/hins.world\/index.php\/wp-json\/wp\/v2\/pages\/23849\/revisions\/24937"}],"wp:attachment":[{"href":"https:\/\/hins.world\/index.php\/wp-json\/wp\/v2\/media?parent=23849"}],"curies":[{"name":"wp","href":"https:\/\/api.w.org\/{rel}","templated":true}]}}